{"id":149,"date":"2023-11-07T10:07:46","date_gmt":"2023-11-07T09:07:46","guid":{"rendered":"https:\/\/zyrardowkomornik.pl\/?page_id=149"},"modified":"2023-11-07T10:08:27","modified_gmt":"2023-11-07T09:08:27","slug":"ogloszenie","status":"publish","type":"page","link":"https:\/\/zyrardowkomornik.pl\/?page_id=149","title":{"rendered":"Og\u0142oszenie"},"content":{"rendered":"<p style=\"text-align: justify;\"><strong>Szanowni Pa\u0144stwo,<\/strong><\/p>\n<p style=\"text-align: justify;\">W zwi\u0105zku z obowi\u0105zkiem wynikaj\u0105cym z Rozporz\u0105dzenie Parlamentu Europejskiego i Rady (UE) 2016\/679 z dnia 27 kwietnia 2016 r. w sprawie ochrony os\u00f3b fizycznych w zwi\u0105zku z przetwarzaniem danych osobowych i w sprawie swobodnego przep\u0142ywu takich danych oraz uchylenia dyrektywy 95\/46\/we (og\u00f3lne rozporz\u0105dzenie o ochronie danych zwane RODO), jestem zmuszony poinformowa\u0107 o naruszeniu ochrony danych osobowych, kt\u00f3re mia\u0142o miejsce w dniu 13 lipca 2023 r. w mojej Kancelarii Komornika S\u0105dowego przy S\u0105dzie Rejonowym w \u017byrardowie Micha\u0142a Dobrzy\u0144skiego.<\/p>\n<p style=\"text-align: justify;\"><strong>Charakter naruszenia<\/strong><\/p>\n<p style=\"text-align: justify;\">Stwierdzi\u0142em nieautoryzowany dost\u0119p do swojego serwera, w wyniku kt\u00f3rego pewne dane osobowe przechowywane w naszych bazach danych zosta\u0142y zaszyfrowane. Osoba lub osoby trzecie uzyska\u0142y nieautoryzowany dost\u0119p do danych. Dost\u0119p do danych wyst\u0105pi\u0142 w wyniku prze\u0142amania zabezpiecze\u0144 infrastruktury informatycznej. Na podstawie dotychczasowych ustale\u0144, jestem w stanie potwierdzi\u0107, \u017ce nast\u0119puj\u0105ce kategorie danych osobowych mog\u0142y zosta\u0107 ujawnione:<\/p>\n<ol style=\"text-align: justify;\">\n<li><strong>imi\u0119 i nazwisko<\/strong><\/li>\n<li><strong>numer PESEL<\/strong><\/li>\n<li><strong>data urodzenia<\/strong><\/li>\n<li><strong>adres zamieszkania lub adres pobytu<\/strong><\/li>\n<li><strong>seria i numer dowodu osobistego<\/strong><\/li>\n<li><strong>numer rachunku bankowego<\/strong><\/li>\n<li><strong>dane dotycz\u0105ce wyrok\u00f3w w post\u0119powaniach cywilnych.<\/strong><\/li>\n<\/ol>\n<p><strong><br \/>\n<\/strong><strong>Mo\u017cliwe konsekwencje naruszenia<\/strong><\/p>\n<p style=\"text-align: justify;\">Rozumienie potencjalnych zagro\u017ce\u0144 zwi\u0105zanych z ujawnieniem Pa\u0144stwa danych jest kluczem do ich skutecznego zabezpieczenia. Oto bardziej szczeg\u00f3\u0142owe konsekwencje, kt\u00f3re mog\u0105 wynikn\u0105\u0107 z tego incydentu:<\/p>\n<p><strong>Oszustwa finansowe:<\/strong><\/p>\n<ol style=\"text-align: justify;\">\n<li>Zawarcie nieautoryzowanych transakcji bankowych.<\/li>\n<li>Utworzenie fa\u0142szywych kredyt\u00f3w lub po\u017cyczek.<\/li>\n<li>Wykorzystanie Pa\u0144stwa danych w celu zakup\u00f3w na raty.<\/li>\n<\/ol>\n<p><strong>Oszustwa to\u017csamo\u015bci:<\/strong><\/p>\n<ol style=\"text-align: justify;\">\n<li>Wystawienie fa\u0142szywych faktur lub innych dokument\u00f3w na Pa\u0144stwa nazwisko.<\/li>\n<li>Pr\u00f3ba uzyskania dost\u0119pu do Pa\u0144stwa skrzynki pocztowej lub e-mail w celu przechwycenia korespondencji.<\/li>\n<li>Utworzenie fa\u0142szywych profili w mediach spo\u0142eczno\u015bciowych, kt\u00f3re mog\u0105 by\u0107 wykorzystane do oszustw.<\/li>\n<\/ol>\n<p><strong>Nieautoryzowany dost\u0119p:<\/strong><\/p>\n<ol style=\"text-align: justify;\">\n<li>Wykorzystanie danych do zmiany hase\u0142 do r\u00f3\u017cnych serwis\u00f3w internetowych.<\/li>\n<li>Manipulacja ustawieniami kont, takimi jak adresy dostawy dla kont handlowych.<\/li>\n<\/ol>\n<p><strong>Niechciane kontakty:<\/strong><\/p>\n<ol style=\"text-align: justify;\">\n<li>N\u0119kanie telefoniczne lub przez e-mail.<\/li>\n<li>Wizyty nieznanych os\u00f3b pod Pa\u0144stwa adresem.<\/li>\n<li>Otrzymywanie niechcianych ofert handlowych lub us\u0142ug.<\/li>\n<\/ol>\n<p><strong> Zalecane \u015brodki ostro\u017cno\u015bci<\/strong><\/p>\n<p style=\"text-align: justify;\">Aby Pa\u0144stwa dane by\u0142y chronione i minimalizowa\u0107 potencjalne skutki naruszenia, zalecamy:<\/p>\n<p><strong>Monitorowanie aktywno\u015bci bankowej:<\/strong><\/p>\n<ol style=\"text-align: justify;\">\n<li>Ustawienie powiadomie\u0144 sms lub e-mail o ka\u017cdej transakcji przekraczaj\u0105cej pewn\u0105 ustalon\u0105 kwot\u0119.<\/li>\n<li>Korzystanie z aplikacji bankowych do \u015bledzenia aktywno\u015bci na bie\u017c\u0105co.<\/li>\n<\/ol>\n<p><strong>Zabezpieczenie to\u017csamo\u015bci:<\/strong><\/p>\n<ol style=\"text-align: justify;\">\n<li>Zam\u00f3wienie raportu kredytowego, by monitorowa\u0107 wszelkie nieznane dzia\u0142ania.<\/li>\n<li>Zg\u0142oszenie do banku ch\u0119ci wprowadzenia dodatkowych \u015brodk\u00f3w zabezpieczaj\u0105cych, takich jak biometryczne zabezpieczenia dost\u0119pu do konta.<\/li>\n<\/ol>\n<p><strong>Ostro\u017cno\u015b\u0107 w komunikacji:<\/strong><\/p>\n<ol style=\"text-align: justify;\">\n<li>Prosz\u0119 nigdy nie klika\u0107 w linki zawarte w podejrzanych e-mailach.<\/li>\n<li>Prosz\u0119 zawsze weryfikowa\u0107 to\u017csamo\u015b\u0107 osoby kontaktuj\u0105cej si\u0119 w sprawie Pa\u0144stwa danych, poprzez oddzwonienie na oficjalny numer instytucji.<\/li>\n<\/ol>\n<p><strong>Zmiana hase\u0142:<\/strong><\/p>\n<ol style=\"text-align: justify;\">\n<li>U\u017cywanie mened\u017cera hase\u0142, kt\u00f3ry pomaga w generowaniu i przechowywaniu skomplikowanych hase\u0142.<\/li>\n<li>Regularna, co najmniej kwartalna, zmiana hase\u0142 do kluczowych kont.<\/li>\n<\/ol>\n<p><strong>Ochrona fizyczna:<\/strong><\/p>\n<ol style=\"text-align: justify;\">\n<li>Inwestycja w skrzynk\u0119 pocztow\u0105 z zamkiem.<\/li>\n<li>Zabezpieczenie wa\u017cnych dokument\u00f3w w miejscu trudno dost\u0119pnym, np. w sejfie<\/li>\n<li>Dzi\u0119ki stosowaniu si\u0119 do powy\u017cszych zalece\u0144 mo\u017cecie znacz\u0105co zmniejszy\u0107 ryzyko zwi\u0105zane z potencjalnym wykorzystaniem Pa\u0144stwa danych przez osoby trzecie.<\/li>\n<\/ol>\n<p>&nbsp;<\/p>\n<p><strong>Dzia\u0142ania podj\u0119te przeze mnie<\/strong><\/p>\n<p style=\"text-align: justify;\">Zapewniam, \u017ce od momentu wykrycia naruszenia podj\u0105\u0142em wszelkie mo\u017cliwe dzia\u0142ania w celu zabezpieczenia danych oraz wyeliminowania \u017ar\u00f3d\u0142a naruszenia. Podj\u0105\u0142em wsp\u00f3\u0142prac\u0119 r\u00f3wnie\u017c z odpowiednimi s\u0142u\u017cbami w celu wyja\u015bnienia okoliczno\u015bci incydentu oraz podj\u0119cia odpowiednich krok\u00f3w prawnych wobec sprawc\u00f3w. Nadto podj\u0105\u0142em wsp\u00f3\u0142prac\u0119 z firm\u0105 informatyczn\u0105 specjalizuj\u0105c\u0105 si\u0119 we wdra\u017caniu zabezpiecze\u0144 cybernetycznych. Nadto w zwi\u0105zku z zaistnia\u0142\u0105 sytuacj\u0105 wdro\u017cono nowoczesne urz\u0105dzenie firmy Stormshield b\u0119d\u0105cym sprz\u0119towym firewall\u2019em UTM. Nadto zmieniono oprogramowanie antywirusowe na produkt firmy ESET. Z czynnej infrastruktury informatycznej wyeliminowano wszystkie no\u015bniki danych jakie by\u0142y zainstalowane w chwili wyst\u0105pienia incydentu. Dodatkowo wdro\u017cono polityk\u0119 zmiany hase\u0142 do system\u00f3w aplikacji za pomoc\u0105 kt\u00f3rej przetwarzane s\u0105 dane osobowe. Zmiana has\u0142a jest realizowana nie rzadziej ni\u017c raz na kwarta\u0142.<\/p>\n<p style=\"text-align: justify;\">Przepraszam za wszelkie niedogodno\u015bci zwi\u0105zane z tym incydentem i zapewniam, \u017ce dok\u0142adam wszelkich stara\u0144, aby podobna sytuacja nie mia\u0142a miejsca w przysz\u0142o\u015bci.<\/p>\n<p style=\"text-align: justify;\">W przypadku dodatkowych pyta\u0144 prosimy o kontakt z Inspektorem Ochrony Danych pod adresem zyrardow.dobrzynski@komornik.pl lub w formie pisemnej na adres mojej kancelarii.<\/p>\n<p style=\"text-align: justify;\">Z powa\u017caniem,<\/p>\n<p style=\"text-align: justify;\">Komornik S\u0105dowy przy S\u0105dzie Rejonowym w \u017byrardowie Micha\u0142 Dobrzy\u0144ski<\/p>\n","protected":false},"excerpt":{"rendered":"<p>Szanowni Pa\u0144stwo, W zwi\u0105zku z obowi\u0105zkiem wynikaj\u0105cym z Rozporz\u0105dzenie Parlamentu Europejskiego i Rady (UE) 2016\/679 z dnia 27 kwietnia 2016 r. w sprawie ochrony os\u00f3b&hellip;<\/p>\n","protected":false},"author":1,"featured_media":0,"parent":0,"menu_order":0,"comment_status":"closed","ping_status":"closed","template":"","meta":{"footnotes":""},"class_list":["post-149","page","type-page","status-publish","hentry"],"_links":{"self":[{"href":"https:\/\/zyrardowkomornik.pl\/index.php?rest_route=\/wp\/v2\/pages\/149","targetHints":{"allow":["GET"]}}],"collection":[{"href":"https:\/\/zyrardowkomornik.pl\/index.php?rest_route=\/wp\/v2\/pages"}],"about":[{"href":"https:\/\/zyrardowkomornik.pl\/index.php?rest_route=\/wp\/v2\/types\/page"}],"author":[{"embeddable":true,"href":"https:\/\/zyrardowkomornik.pl\/index.php?rest_route=\/wp\/v2\/users\/1"}],"replies":[{"embeddable":true,"href":"https:\/\/zyrardowkomornik.pl\/index.php?rest_route=%2Fwp%2Fv2%2Fcomments&post=149"}],"version-history":[{"count":2,"href":"https:\/\/zyrardowkomornik.pl\/index.php?rest_route=\/wp\/v2\/pages\/149\/revisions"}],"predecessor-version":[{"id":152,"href":"https:\/\/zyrardowkomornik.pl\/index.php?rest_route=\/wp\/v2\/pages\/149\/revisions\/152"}],"wp:attachment":[{"href":"https:\/\/zyrardowkomornik.pl\/index.php?rest_route=%2Fwp%2Fv2%2Fmedia&parent=149"}],"curies":[{"name":"wp","href":"https:\/\/api.w.org\/{rel}","templated":true}]}}