{"id":17,"date":"2020-06-21T18:48:10","date_gmt":"2020-06-21T16:48:10","guid":{"rendered":"http:\/\/zyrardowkomornik.pl\/?page_id=17"},"modified":"2026-03-24T10:03:22","modified_gmt":"2026-03-24T09:03:22","slug":"o-kancelarii","status":"publish","type":"page","link":"https:\/\/zyrardowkomornik.pl\/","title":{"rendered":"O Kancelarii"},"content":{"rendered":"<p>Przyj\u0119cia interesant\u00f3w odbywaj\u0105 si\u0119 w \u015brody w godz. 9.00 -15.00.<br \/>\nPrzyj\u0119cie interesanta poza wyznaczonym terminem mo\u017cliwe wy\u0142\u0105cznie po wcze\u015bniejszym uzgodnieniu terminu.<br \/>\nWgl\u0105d w akta post\u0119powania egzekucyjnego mo\u017cliwy r\u00f3wnie\u017c wy\u0142\u0105cznie po wcze\u015bniejszym uzgodnieniu terminu<\/p>\n<p><span style=\"color: red;\"><strong>Wa\u017cne informacje<\/strong><\/span><\/p>\n<p style=\"text-align: center;\"><strong>Komornik S\u0105dowy przy S\u0105dzie Rejonowym w \u017byrardowie Micha\u0142 Dobrzy\u0144ski zawiadamia, \u017ce od 1 stycznia 2026 roku mo\u017ce przyjmowa\u0107 sprawy z wyboru z obszaru apelacji \u0142\u00f3dzkiej na rok 2026.<\/strong><\/p>\n<p style=\"text-align: center;\"><strong>Komornik S\u0105dowy przy S\u0105dzie Rejonowym w \u017byrardowie Micha\u0142 Dobrzy\u0144ski zawiadamia, \u017ce przyj\u0119cia interesant\u00f3w w dniu 25.03.2026 r. odb\u0119d\u0105 si\u0119 w godz. 09:00 &#8211; 13:00.<\/strong><\/p>\n<p>&nbsp;<\/p>\n<p>Komornik jest funkcjonariuszem publicznym dzia\u0142aj\u0105cym przy s\u0105dzie rejonowym.<br \/>\nKomornik podlega nadzorowi s\u0105du oraz nadzorowi odpowiedzialnemu prezesa s\u0105du rejonowego, przy kt\u00f3rym dzia\u0142a.<br \/>\nKomornik przy wykonywaniu zada\u0144 kieruje si\u0119 dobrem wymiaru sprawiedliwo\u015bci oraz interesem publicznym.<br \/>\nKomornik jest organem w\u0142adzy publicznej w zakresie wykonywania czynno\u015bci w post\u0119powaniu egzekucyjnym i zabezpieczaj\u0105cym.<br \/>\nKomornik s\u0105dowy wykonuje czynno\u015bci wed\u0142ug najlepszej woli i wiedzy, z nale\u017cyt\u0105 uczciwo\u015bci\u0105, bezstronno\u015bci\u0105, rzetelno\u015bci\u0105 oraz sprawno\u015bci\u0105.<br \/>\nW\u0142a\u015bciwo\u015b\u0107 terytorialna Komornika S\u0105dowego przy S\u0105dzie Rejonowym w \u017byrardowie Micha\u0142a Dobrzy\u0144skiego pokrywa si\u0119 z w\u0142a\u015bciwo\u015bci\u0105 S\u0105du Rejonowego w \u017byrardowie.<\/p>\n<table style=\"border-collapse: collapse; width: 100%;\">\n<tbody>\n<tr>\n<td style=\"width: 33.3333%;\">\n<h4 style=\"text-align: center;\"><strong>CEPiK \u2013 Centralna Ewidencja Pojazd\u00f3w i Kierowc\u00f3w<\/strong><\/h4>\n<p>Drog\u0105 elektroniczn\u0105 komornik mo\u017ce tak\u017ce skierowa\u0107 zapytanie do Centralnej Ewidencji Pojazd\u00f3w i Kierowc\u00f3w w celu ustalenia pojazd\u00f3w mechanicznych d\u0142u\u017cnika, z kt\u00f3rych mo\u017ce by\u0107 prowadzona egzekucja. Wy\u017cej wymienione zapytanie jest bezp\u0142atne.<\/p>\n<p>&nbsp;<\/p>\n<p><img loading=\"lazy\" decoding=\"async\" class=\"vc_single_image-img attachment-full aligncenter\" src=\"https:\/\/komornik-brom.pl\/media\/2019\/03\/komornik-brom_pl_-cepik-1.png\" sizes=\"auto, (max-width: 400px) 100vw, 400px\" srcset=\"https:\/\/komornik-brom.pl\/media\/2019\/03\/komornik-brom_pl_-cepik-1.png 400w, https:\/\/komornik-brom.pl\/media\/2019\/03\/komornik-brom_pl_-cepik-1-300x92.png 300w, https:\/\/komornik-brom.pl\/media\/2019\/03\/komornik-brom_pl_-cepik-1-320x98.png 320w, https:\/\/komornik-brom.pl\/media\/2019\/03\/komornik-brom_pl_-cepik-1-360x110.png 360w, https:\/\/komornik-brom.pl\/media\/2019\/03\/komornik-brom_pl_-cepik-1-260x79.png 260w, https:\/\/komornik-brom.pl\/media\/2019\/03\/komornik-brom_pl_-cepik-1-50x15.png 50w, https:\/\/komornik-brom.pl\/media\/2019\/03\/komornik-brom_pl_-cepik-1-150x46.png 150w\" alt=\"\" width=\"400\" height=\"122\" \/><\/td>\n<td style=\"width: 33.3333%;\">\n<h4 style=\"text-align: center;\"><strong>CEIDG \u2013 Centralna Ewidencja i Informacja o Dzia\u0142alno\u015bci Gospodarczej<\/strong><\/h4>\n<p>Rejestr przedsi\u0119biorc\u00f3w, b\u0119d\u0105cych osobami fizycznymi, dzia\u0142aj\u0105cych na terenie Polski. Rejestr prowadzony jest od 1 lipca 2011 r. w systemie teleinformatycznym przez ministra w\u0142a\u015bciwego do spraw gospodarki na podstawie przepis\u00f3w ustawy o swobodzie dzia\u0142alno\u015bci gospodarczej.<\/p>\n<p><img loading=\"lazy\" decoding=\"async\" class=\"vc_single_image-img attachment-full aligncenter\" src=\"https:\/\/komornik-brom.pl\/media\/2019\/03\/komornik-brom_pl_-ceidg-2.png\" sizes=\"auto, (max-width: 397px) 100vw, 397px\" srcset=\"https:\/\/komornik-brom.pl\/media\/2019\/03\/komornik-brom_pl_-ceidg-2.png 397w, https:\/\/komornik-brom.pl\/media\/2019\/03\/komornik-brom_pl_-ceidg-2-300x121.png 300w, https:\/\/komornik-brom.pl\/media\/2019\/03\/komornik-brom_pl_-ceidg-2-320x129.png 320w, https:\/\/komornik-brom.pl\/media\/2019\/03\/komornik-brom_pl_-ceidg-2-360x145.png 360w, https:\/\/komornik-brom.pl\/media\/2019\/03\/komornik-brom_pl_-ceidg-2-260x105.png 260w, https:\/\/komornik-brom.pl\/media\/2019\/03\/komornik-brom_pl_-ceidg-2-50x20.png 50w, https:\/\/komornik-brom.pl\/media\/2019\/03\/komornik-brom_pl_-ceidg-2-150x60.png 150w\" alt=\"\" width=\"397\" height=\"160\" \/><\/td>\n<td style=\"width: 33.3333%;\">\n<h4 style=\"text-align: center;\"><strong>EPU \u2013 elektroniczne post\u0119powanie upominawcze<\/strong><\/h4>\n<p>W sytuacji uzyskania nakazu zap\u0142aty w elektronicznym post\u0119powaniu upominawczym, istnieje mo\u017cliwo\u015b\u0107 z\u0142o\u017cenia elektronicznego wniosku egzekucyjnego.<br \/>\nSzczeg\u00f3\u0142y dotycz\u0105ce sk\u0142adania elektronicznych wniosk\u00f3w egzekucyjnych znajdziecie Pa\u0144stwo na poni\u017cszej stronie internetowej w zak\u0142adce Informacje o portalu \/ Z\u0142o\u017cenie wniosku do komornika.<\/p>\n<p><img loading=\"lazy\" decoding=\"async\" class=\"vc_single_image-img attachment-full aligncenter\" src=\"https:\/\/komornik-brom.pl\/media\/2019\/03\/komornik-brom_pl_-epu-logotyp-2.png\" sizes=\"auto, (max-width: 338px) 100vw, 338px\" srcset=\"https:\/\/komornik-brom.pl\/media\/2019\/03\/komornik-brom_pl_-epu-logotyp-2.png 338w, https:\/\/komornik-brom.pl\/media\/2019\/03\/komornik-brom_pl_-epu-logotyp-2-300x59.png 300w, https:\/\/komornik-brom.pl\/media\/2019\/03\/komornik-brom_pl_-epu-logotyp-2-320x63.png 320w, https:\/\/komornik-brom.pl\/media\/2019\/03\/komornik-brom_pl_-epu-logotyp-2-260x52.png 260w, https:\/\/komornik-brom.pl\/media\/2019\/03\/komornik-brom_pl_-epu-logotyp-2-50x10.png 50w, https:\/\/komornik-brom.pl\/media\/2019\/03\/komornik-brom_pl_-epu-logotyp-2-150x30.png 150w\" alt=\"\" width=\"338\" height=\"67\" \/><\/td>\n<\/tr>\n<tr>\n<td style=\"width: 33.3333%;\">\n<h4 style=\"text-align: center;\"><strong>System Ognivo \u2013 zapytania do bank\u00f3w o rachunki bankowe d\u0142u\u017cnika<\/strong><\/h4>\n<p>System Ognivo daje mo\u017cliwo\u015b\u0107 skierowania elektronicznego zapytania do bank\u00f3w o rachunki bankowego d\u0142u\u017cnika. Lista instytucji wsp\u00f3\u0142pracuj\u0105cych w ramach tego programu systematycznie si\u0119 powi\u0119ksza. Ka\u017cde pojedyncze zapytanie jest dodatkowo p\u0142atne, w zwi\u0105zku z tym wierzyciel chc\u0105c skorzysta\u0107 z tego sposobu ustalenia maj\u0105tku d\u0142u\u017cnika powinien z\u0142o\u017cy\u0107 stosowny wniosek oraz ui\u015bci\u0107 zaliczk\u0119. Ponadto, we wniosku wierzyciel powinien wskaza\u0107 konkretne banki, do kt\u00f3rych takie zapytanie ma by\u0107 skierowane.<br \/>\nLista podmiot\u00f3w uczestnicz\u0105cych w systemie Ognivo dost\u0119pna jest na stronie internetowej Krajowej Izby Rozliczeniowej S.A<\/p>\n<p><img loading=\"lazy\" decoding=\"async\" class=\"vc_single_image-img attachment-full aligncenter\" src=\"https:\/\/komornik-brom.pl\/media\/2019\/03\/komornik-brom_pl_-ognivo-3.png\" sizes=\"auto, (max-width: 400px) 100vw, 400px\" srcset=\"https:\/\/komornik-brom.pl\/media\/2019\/03\/komornik-brom_pl_-ognivo-3.png 400w, https:\/\/komornik-brom.pl\/media\/2019\/03\/komornik-brom_pl_-ognivo-3-300x51.png 300w, https:\/\/komornik-brom.pl\/media\/2019\/03\/komornik-brom_pl_-ognivo-3-320x54.png 320w, https:\/\/komornik-brom.pl\/media\/2019\/03\/komornik-brom_pl_-ognivo-3-360x61.png 360w, https:\/\/komornik-brom.pl\/media\/2019\/03\/komornik-brom_pl_-ognivo-3-260x44.png 260w, https:\/\/komornik-brom.pl\/media\/2019\/03\/komornik-brom_pl_-ognivo-3-50x9.png 50w, https:\/\/komornik-brom.pl\/media\/2019\/03\/komornik-brom_pl_-ognivo-3-150x26.png 150w\" alt=\"\" width=\"400\" height=\"68\" \/><\/td>\n<td style=\"width: 33.3333%;\">\n<h4 style=\"text-align: center;\"><strong>E-ZUS \u2013 elektroniczny urz\u0105d podawczy ZUS<\/strong><\/h4>\n<p>Dzi\u0119ki aplikacji udost\u0119pnionej przez ZUS, przy kierowaniu zapyta\u0144 w toku post\u0119powania egzekucyjnego, udaje si\u0119 ograniczy\u0107 czas dor\u0119czenia zapyta\u0144 eliminuj\u0105c tradycyjny spos\u00f3b wysy\u0142ania korespondencji przy pomocy poczty.<\/p>\n<p><img loading=\"lazy\" decoding=\"async\" class=\"vc_single_image-img attachment-full\" src=\"https:\/\/komornik-brom.pl\/media\/2019\/03\/komornik-brom_pl_-o-nas-zus-pue.jpg\" sizes=\"auto, (max-width: 570px) 100vw, 570px\" srcset=\"https:\/\/komornik-brom.pl\/media\/2019\/03\/komornik-brom_pl_-o-nas-zus-pue.jpg 570w, https:\/\/komornik-brom.pl\/media\/2019\/03\/komornik-brom_pl_-o-nas-zus-pue-300x175.jpg 300w, https:\/\/komornik-brom.pl\/media\/2019\/03\/komornik-brom_pl_-o-nas-zus-pue-320x187.jpg 320w, https:\/\/komornik-brom.pl\/media\/2019\/03\/komornik-brom_pl_-o-nas-zus-pue-360x210.jpg 360w, https:\/\/komornik-brom.pl\/media\/2019\/03\/komornik-brom_pl_-o-nas-zus-pue-250x146.jpg 250w, https:\/\/komornik-brom.pl\/media\/2019\/03\/komornik-brom_pl_-o-nas-zus-pue-50x29.jpg 50w, https:\/\/komornik-brom.pl\/media\/2019\/03\/komornik-brom_pl_-o-nas-zus-pue-128x75.jpg 128w\" alt=\"\" width=\"570\" height=\"333\" \/><\/p>\n<p>&nbsp;<\/p>\n<p>&nbsp;<\/p>\n<p>&nbsp;<\/p>\n<p>&nbsp;<\/td>\n<td style=\"width: 33.3333%;\"><\/td>\n<\/tr>\n<\/tbody>\n<\/table>\n","protected":false},"excerpt":{"rendered":"<p>Przyj\u0119cia interesant\u00f3w odbywaj\u0105 si\u0119 w \u015brody w godz. 9.00 -15.00. Przyj\u0119cie interesanta poza wyznaczonym terminem mo\u017cliwe wy\u0142\u0105cznie po wcze\u015bniejszym uzgodnieniu terminu. Wgl\u0105d w akta post\u0119powania&hellip;<\/p>\n","protected":false},"author":1,"featured_media":0,"parent":0,"menu_order":0,"comment_status":"closed","ping_status":"closed","template":"","meta":{"footnotes":""},"class_list":["post-17","page","type-page","status-publish","hentry"],"_links":{"self":[{"href":"https:\/\/zyrardowkomornik.pl\/index.php?rest_route=\/wp\/v2\/pages\/17","targetHints":{"allow":["GET"]}}],"collection":[{"href":"https:\/\/zyrardowkomornik.pl\/index.php?rest_route=\/wp\/v2\/pages"}],"about":[{"href":"https:\/\/zyrardowkomornik.pl\/index.php?rest_route=\/wp\/v2\/types\/page"}],"author":[{"embeddable":true,"href":"https:\/\/zyrardowkomornik.pl\/index.php?rest_route=\/wp\/v2\/users\/1"}],"replies":[{"embeddable":true,"href":"https:\/\/zyrardowkomornik.pl\/index.php?rest_route=%2Fwp%2Fv2%2Fcomments&post=17"}],"version-history":[{"count":43,"href":"https:\/\/zyrardowkomornik.pl\/index.php?rest_route=\/wp\/v2\/pages\/17\/revisions"}],"predecessor-version":[{"id":209,"href":"https:\/\/zyrardowkomornik.pl\/index.php?rest_route=\/wp\/v2\/pages\/17\/revisions\/209"}],"wp:attachment":[{"href":"https:\/\/zyrardowkomornik.pl\/index.php?rest_route=%2Fwp%2Fv2%2Fmedia&parent=17"}],"curies":[{"name":"wp","href":"https:\/\/api.w.org\/{rel}","templated":true}]}}