{"id":3,"date":"2020-06-21T14:27:53","date_gmt":"2020-06-21T12:27:53","guid":{"rendered":"http:\/\/zyrardowkomornik.pl\/?page_id=3"},"modified":"2020-07-06T12:47:08","modified_gmt":"2020-07-06T10:47:08","slug":"polityka-prywatnosci","status":"publish","type":"page","link":"https:\/\/zyrardowkomornik.pl\/?page_id=3","title":{"rendered":"Polityka prywatno\u015bci"},"content":{"rendered":"\r\n<h2 class=\"wp-block-heading\">Kim jeste\u015bmy<\/h2>\r\n\r\n\r\n\r\n<p>Komornik S\u0105dowy przy S\u0105dzie Rejonowym dla Warszawy Pragi-Po\u0142udnie Tomasz Olak<br \/>Kancelaria Komornicza nr XXVIII w Warszawie <br \/>Adres naszej strony internetowej to: http:\/\/www.komornik-pragapoludnie.com.pl<\/p>\r\n\r\n\r\n\r\n<h2 class=\"wp-block-heading\">Jakie dane osobiste zbieramy i dlaczego je zbieramy<\/h2>\r\n\r\n\r\n\r\n\r\n\r\n<h3 class=\"wp-block-heading\">Media<\/h3>\r\n\r\n\r\n\r\n<p style=\"text-align: justify;\">Je\u015bli jeste\u015b zarejestrowanym u\u017cytkownikiem i wgrywasz na witryn\u0119 obrazki, powiniene\u015b unika\u0107 przesy\u0142ania obrazk\u00f3w z tagami EXIF lokalizacji. Odwiedzaj\u0105cy stron\u0119 mog\u0105 pobra\u0107 i odczyta\u0107 pe\u0142ne dane lokalizacyjne z obrazk\u00f3w w witrynie.<\/p>\r\n\r\n\r\n\r\n<h3 class=\"wp-block-heading\">Formularze kontaktowe<\/h3>\r\n\r\n\r\n\r\n<h3 class=\"wp-block-heading\">Ciasteczka<\/h3>\r\n\r\n\r\n\r\n<p style=\"text-align: justify;\">Je\u015bli zostawisz na naszej witrynie komentarz, b\u0119dziesz m\u00f3g\u0142 wybra\u0107 opcj\u0119 zapisu twojej nazwy, adresu email i adresu strony internetowej w ciasteczkach, dzi\u0119ki kt\u00f3rym podczas pisania kolejnych komentarzy powy\u017csze informacje b\u0119d\u0105 ju\u017c dogodnie uzupe\u0142nione. Te ciasteczka wygasaj\u0105 po roku.<\/p>\r\n\r\n\r\n\r\n<p style=\"text-align: justify;\">Je\u015bli odwiedzisz stron\u0119 logowania, utworzymy tymczasowe ciasteczko na potrzeby sprawdzenia czy twoja przegl\u0105darka akceptuje ciasteczka. To ciasteczko nie zawiera \u017cadnych danych osobistych i zostanie wyrzucone, kiedy zamkniesz przegl\u0105dark\u0119.<\/p>\r\n\r\n\r\n\r\n<p style=\"text-align: justify;\">Podczas logowania tworzymy dodatkowo kilka ciasteczek potrzebnych do zapisu twoich informacji logowania oraz wybranych opcji ekranu. Ciasteczka logowania wygasaj\u0105 po dw\u00f3ch dniach, a opcji ekranu po roku. Je\u015bli zaznaczysz opcj\u0119 \u201ePami\u0119taj mnie\u201d, logowanie wyga\u015bnie po dw\u00f3ch tygodniach. Je\u015bli wylogujesz si\u0119 ze swojego konta, ciasteczka logowania zostan\u0105 usuni\u0119te.<\/p>\r\n\r\n\r\n\r\n<p style=\"text-align: justify;\">Je\u015bli zmodyfikujesz albo opublikujesz artyku\u0142, w twojej przegl\u0105darce zostanie zapisane dodatkowe ciasteczko. To ciasteczko nie zawiera \u017cadnych danych osobistych, wskazuj\u0105c po prostu na identyfikator przed chwil\u0105 edytowanego artyku\u0142u. Wygasa ono po 1 dniu.<\/p>\r\n\r\n\r\n\r\n<h3 class=\"wp-block-heading\">Osadzone tre\u015bci z innych witryn<\/h3>\r\n\r\n\r\n\r\n<p style=\"text-align: justify;\">Artyku\u0142y na tej witrynie mog\u0105 zawiera\u0107 osadzone tre\u015bci (np. filmy, obrazki, artyku\u0142y itp.). Osadzone tre\u015bci z innych witryn zachowuj\u0105 si\u0119 analogicznie do tego, jakby u\u017cytkownik odwiedzi\u0142 bezpo\u015brednio konkretn\u0105 witryn\u0119.<\/p>\r\n\r\n\r\n\r\n<p style=\"text-align: justify;\">Witryny mog\u0105 zbiera\u0107 informacje o tobie, u\u017cywa\u0107 ciasteczek, do\u0142\u0105cza\u0107 dodatkowe, zewn\u0119trzne systemy \u015bledzenia i monitorowa\u0107 twoje interakcje z osadzonym materia\u0142em, w\u0142\u0105czaj\u0105c w to \u015bledzenie twoich interakcji z osadzonym materia\u0142em je\u015bli posiadasz konto i jeste\u015b zalogowany w tamtej witrynie.<\/p>\r\n\r\n\r\n\r\n<h3 class=\"wp-block-heading\">Analiza statystyk<\/h3>\r\n\r\n\r\n\r\n<h2 class=\"wp-block-heading\">Z kim dzielimy si\u0119 danymi<\/h2>\r\n\r\n\r\n\r\n<h2 class=\"wp-block-heading\">Jak d\u0142ugo przechowujemy twoje dane<\/h2>\r\n\r\n\r\n\r\n<p style=\"text-align: justify;\">Je\u015bli zostawisz komentarz, jego tre\u015b\u0107 i metadane b\u0119d\u0105 przechowywane przez czas nieokre\u015blony. Dzi\u0119ki temu jeste\u015bmy w stanie rozpoznawa\u0107 i zatwierdza\u0107 kolejne komentarze automatycznie, bez wysy\u0142ania ich do ka\u017cdorazowej moderacji.<\/p>\r\n\r\n\r\n\r\n<p style=\"text-align: justify;\">Dla u\u017cytkownik\u00f3w kt\u00f3rzy zarejestrowali si\u0119 na naszej stronie internetowej (je\u015bli tacy s\u0105), przechowujemy r\u00f3wnie\u017c informacje osobiste wprowadzone w profilu. Ka\u017cdy u\u017cytkownik mo\u017ce dokona\u0107 wgl\u0105du, korekty albo skasowa\u0107 swoje informacje osobiste w dowolnej chwili (nie licz\u0105c nazwy u\u017cytkownika, kt\u00f3rej nie mo\u017cna zmieni\u0107). Administratorzy strony r\u00f3wnie\u017c mog\u0105 przegl\u0105da\u0107 i modyfikowa\u0107 te informacje.<\/p>\r\n\r\n\r\n\r\n<h2 class=\"wp-block-heading\">Jakie masz prawa do swoich danych<\/h2>\r\n\r\n\r\n\r\n<p style=\"text-align: justify;\">Je\u015bli masz konto u\u017cytkownika albo doda\u0142e\u015b komentarze w tej witrynie, mo\u017cesz za\u017c\u0105da\u0107 dostarczenia pliku z wyeksportowanym kompletem twoich danych osobistych b\u0119d\u0105cych w naszym posiadaniu, w tym ca\u0142o\u015b\u0107 tych dostarczonych przez ciebie. Mo\u017cesz r\u00f3wnie\u017c za\u017c\u0105da\u0107 usuni\u0119cia przez nas ca\u0142o\u015bci twoich danych osobistych w naszym posiadaniu. Nie dotyczy to \u017cadnych danych kt\u00f3re jeste\u015bmy zobligowani zachowa\u0107 ze wzgl\u0119d\u00f3w administracyjnych, prawnych albo bezpiecze\u0144stwa.<\/p>\r\n\r\n\r\n\r\n<h2 class=\"wp-block-heading\">Gdzie przesy\u0142amy dane<\/h2>\r\n\r\n\r\n\r\n<p>Komentarze go\u015bci mog\u0105 by\u0107 sprawdzane za pomoc\u0105 automatycznej us\u0142ugi wykrywania spamu.<\/p>\r\n\r\n\r\n\r\n<h2 class=\"wp-block-heading\">Dane kontaktowe<\/h2>\r\n<p>Komornik S\u0105dowy przy S\u0105dzie Rejonowym dla Warszawy Pragi-Po\u0142udnie Tomasz Olak<br \/>Kancelaria Komornicza nr XXVIII w Warszawie <br \/>ul. Floriana Znanieckiego 12\/101<br \/>03-980 Warszawa<\/p>\r\n\r\n\r\n","protected":false},"excerpt":{"rendered":"<p>Kim jeste\u015bmy Komornik S\u0105dowy przy S\u0105dzie Rejonowym dla Warszawy Pragi-Po\u0142udnie Tomasz OlakKancelaria Komornicza nr XXVIII w Warszawie Adres naszej strony internetowej to: http:\/\/www.komornik-pragapoludnie.com.pl Jakie dane&hellip;<\/p>\n","protected":false},"author":1,"featured_media":0,"parent":0,"menu_order":0,"comment_status":"closed","ping_status":"closed","template":"","meta":{"footnotes":""},"class_list":["post-3","page","type-page","status-publish","hentry"],"_links":{"self":[{"href":"https:\/\/zyrardowkomornik.pl\/index.php?rest_route=\/wp\/v2\/pages\/3","targetHints":{"allow":["GET"]}}],"collection":[{"href":"https:\/\/zyrardowkomornik.pl\/index.php?rest_route=\/wp\/v2\/pages"}],"about":[{"href":"https:\/\/zyrardowkomornik.pl\/index.php?rest_route=\/wp\/v2\/types\/page"}],"author":[{"embeddable":true,"href":"https:\/\/zyrardowkomornik.pl\/index.php?rest_route=\/wp\/v2\/users\/1"}],"replies":[{"embeddable":true,"href":"https:\/\/zyrardowkomornik.pl\/index.php?rest_route=%2Fwp%2Fv2%2Fcomments&post=3"}],"version-history":[{"count":1,"href":"https:\/\/zyrardowkomornik.pl\/index.php?rest_route=\/wp\/v2\/pages\/3\/revisions"}],"predecessor-version":[{"id":84,"href":"https:\/\/zyrardowkomornik.pl\/index.php?rest_route=\/wp\/v2\/pages\/3\/revisions\/84"}],"wp:attachment":[{"href":"https:\/\/zyrardowkomornik.pl\/index.php?rest_route=%2Fwp%2Fv2%2Fmedia&parent=3"}],"curies":[{"name":"wp","href":"https:\/\/api.w.org\/{rel}","templated":true}]}}